{"id":20404,"date":"2025-04-23T18:34:37","date_gmt":"2025-04-23T16:34:37","guid":{"rendered":"http:\/\/mbst.air3.ch\/?page_id=20404"},"modified":"2025-08-11T14:16:38","modified_gmt":"2025-08-11T12:16:38","slug":"kontraindikationen","status":"publish","type":"page","link":"https:\/\/mbst.com\/de\/mediziner\/anwendungsbereiche\/kontraindikationen\/","title":{"rendered":"Kontraindikationen"},"content":{"rendered":"\t\t<div data-elementor-type=\"wp-page\" data-elementor-id=\"20404\" class=\"elementor elementor-20404\" data-elementor-post-type=\"page\">\n\t\t\t\t<div class=\"elementor-element elementor-element-3e1cc7e e-con-full e-flex e-con e-parent\" data-id=\"3e1cc7e\" data-element_type=\"container\" data-settings=\"{&quot;background_background&quot;:&quot;classic&quot;}\">\n\t\t<div class=\"elementor-element elementor-element-60a697f e-con-full pad_section e-flex e-con e-child\" data-id=\"60a697f\" data-element_type=\"container\" data-settings=\"{&quot;background_background&quot;:&quot;video&quot;,&quot;background_play_on_mobile&quot;:&quot;yes&quot;}\">\n\t\t<div class=\"elementor-element elementor-element-176046d e-con-full e-flex e-con e-child\" data-id=\"176046d\" data-element_type=\"container\">\n\t\t<div class=\"elementor-element elementor-element-e1deff2 e-flex e-con-boxed e-con e-child\" data-id=\"e1deff2\" data-element_type=\"container\">\n\t\t\t\t\t<div class=\"e-con-inner\">\n\t\t<div class=\"elementor-element elementor-element-3c43cb9 e-con-full e-flex e-con e-child\" data-id=\"3c43cb9\" data-element_type=\"container\">\n\t\t\t\t<div class=\"elementor-element elementor-element-2735a1f animated-slow elementor-invisible elementor-widget elementor-widget-heading\" data-id=\"2735a1f\" data-element_type=\"widget\" data-settings=\"{&quot;_animation&quot;:&quot;fadeIn&quot;}\" data-widget_type=\"heading.default\">\n\t\t\t\t<div class=\"elementor-widget-container\">\n\t\t\t<div class=\"elementor-heading-title elementor-size-default\">Aufkl\u00e4rung vor einer MBST-Behandlung<\/div>\t\t<\/div>\n\t\t\t\t<\/div>\n\t\t\t\t<div class=\"elementor-element elementor-element-e3cdd5f animated-slow elementor-invisible elementor-widget elementor-widget-heading\" data-id=\"e3cdd5f\" data-element_type=\"widget\" data-settings=\"{&quot;_animation&quot;:&quot;fadeIn&quot;}\" data-widget_type=\"heading.default\">\n\t\t\t\t<div class=\"elementor-widget-container\">\n\t\t\t<h2 class=\"elementor-heading-title elementor-size-default\">Kontraindikationen<\/h2>\t\t<\/div>\n\t\t\t\t<\/div>\n\t\t\t\t<div class=\"elementor-element elementor-element-775af56 elementor-widget elementor-widget-text-editor\" data-id=\"775af56\" data-element_type=\"widget\" data-widget_type=\"text-editor.default\">\n\t\t\t\t<div class=\"elementor-widget-container\">\n\t\t\t\t\t\t\t<p>Vor der Durchf\u00fchrung einer MBST Kernspinresonanz-Therapie erfolgt immer eine ausf\u00fchrliche Patientenaufkl\u00e4rung und Beratung. Vor Behandlungsbeginn wird der Patient immer auch bez\u00fcglich m\u00f6glicher Kontraindikationen befragt, um eventuelle Ausschlusskriterien zu ermitteln.<\/p>\t\t\t\t\t\t<\/div>\n\t\t\t\t<\/div>\n\t\t\t\t<div class=\"elementor-element elementor-element-2ab8d57 elementor-widget elementor-widget-spacer\" data-id=\"2ab8d57\" data-element_type=\"widget\" data-widget_type=\"spacer.default\">\n\t\t\t\t<div class=\"elementor-widget-container\">\n\t\t\t\t\t<div class=\"elementor-spacer\">\n\t\t\t<div class=\"elementor-spacer-inner\"><\/div>\n\t\t<\/div>\n\t\t\t\t<\/div>\n\t\t\t\t<\/div>\n\t\t\t\t<\/div>\n\t\t<div class=\"elementor-element elementor-element-21cb30f e-con-full e-flex e-con e-child\" data-id=\"21cb30f\" data-element_type=\"container\">\n\t\t\t\t<\/div>\n\t\t\t\t\t<\/div>\n\t\t\t\t<\/div>\n\t\t\t\t<\/div>\n\t\t\t\t<\/div>\n\t\t<div class=\"elementor-element elementor-element-ab5645e pad_section e-flex e-con-boxed e-con e-child\" data-id=\"ab5645e\" data-element_type=\"container\">\n\t\t\t\t\t<div class=\"e-con-inner\">\n\t\t\t\t<div class=\"elementor-element elementor-element-a2e740e elementor-widget elementor-widget-text-editor\" data-id=\"a2e740e\" data-element_type=\"widget\" data-widget_type=\"text-editor.default\">\n\t\t\t\t<div class=\"elementor-widget-container\">\n\t\t\t\t\t\t\t<p><strong>Nach Herstellervorgaben festgelegte Kontraindikationen<\/strong><\/p><ul><li><p>In dem Falle, dass implantierte Infusions-, Schmerz- und Insulinpumpen oder Cochlea-Implantate bzw. sonstige implantierte Neurostimulatoren etc. sich im aktiven Behandlungsfeld des Therapieger\u00e4ts bzw. in unmittelbarer N\u00e4he des Behandlungsbereichs befinden. Hier kann nicht ausgeschlossen werden, dass in Einzelf\u00e4llen und in Abh\u00e4ngigkeit vom Material, dessen Geometrie, biologischen Eigenschaften des Patienten, Frequenz und Lage des Implantats zum Behandlungsfeld durch die verwendeten Hochfrequenzimpulse in diesen elektrischen Leitern ein kurzzeitiger schwacher Stromfluss induziert wird. Externe Pumpen m\u00fcssen w\u00e4hrend der Therapieeinheit abgelegt werden.<\/p><\/li><li><p>Zur Beurteilung, ob trotz eines medizinischen Implantats, Herzschrittmachers oder Defibrillatorsystems (z. B. ICD-System) eine MBST-Therapie durchgef\u00fchrt werden kann, sind Informationen \u00fcber das verwendete Material (insbesondere Modellname und -nummer, Angaben zur MRT-Tauglichkeit) unerl\u00e4sslich. Hier muss durch deren Hersteller best\u00e4tigt sein, dass diese durch Kontakt mit einem Magnetfeld nicht in ihren Funktionen beeintr\u00e4chtigt werden. Ansonsten kann nicht ausgeschlossen werden, dass diese w\u00e4hrend der Behandlung besch\u00e4digt werden oder Wechselwirkungen mit den elektromagnetischen Feldern des Therapiesystems zur Sch\u00e4digung des Patienten f\u00fchren k\u00f6nnen.<\/p><\/li><li><p>Aufgrund der Vielzahl an verf\u00fcgbaren Aggregaten und Sonden sowie der anatomischen und (patho-)physiologischen Besonderheiten jedes einzelnen Patienten einerseits und der Bandbreite an unterschiedlichen Magnetfeldern und Radiowellen andererseits l\u00e4sst sich nur auf der Basis einer jeweiligen Einzelfallbewertung eine Entscheidung f\u00fcr oder gegen eine MBST Kernspinresonanz-Therapie treffen.<\/p><\/li><li><p>Vorliegen einer Schwangerschaft<\/p><\/li><\/ul><p>Moderne Schrittmachereinheiten und auch die Elektroden (Sonden) sind heute so gestaltet, dass sie durch die Magnetfelder in einem MRT nicht beeintr\u00e4chtigt oder gar besch\u00e4digt werden und auch nicht \u00fcberhitzen. Mittlerweile sind verschiedene Schrittmachertypen verf\u00fcgbar, die als MRT-tauglich bzw. bedingt MRT-tauglich eingestuft werden. In diesen F\u00e4llen liegt aufgrund der gleichen Basistechnologie auch keine Kontraindizierung f\u00fcr eine MBST-Therapie vor. Bei Herzklappenprothesen ist in der Regel, je nach Prothesentyp und -funktion, eine MBST-Therapie m\u00f6glich.<\/p><p><strong>M\u00f6gliche Kontraindikationen<\/strong><\/p><p>Bei Patienten mit einer der folgenden Vorerkrankungen sollte vor Beginn der Behandlung eine R\u00fccksprache mit dem behandelnden Facharzt erfolgen, um im Rahmen einer individuellen interdisziplin\u00e4ren Einzelfallentscheidung bei entsprechender Indikationsstellung und unter Beachtung der Sicherheitsma\u00dfnahmen ggf. zutreffende relative Gegenanzeigen f\u00fcr eine MBST-Therapie abzukl\u00e4ren:<\/p><ul><li><p>Herzerkrankungen, Herzrhythmusst\u00f6rungen<\/p><\/li><li><p>aktive Tumore im Behandlungsbereich (Das MRT ist bei der Diagnose und Verlaufskontrolle vieler Krebserkrankungen sehr wichtig. Bisher sind f\u00fcr Krebspatienten keine Langzeitnebenwirkungen durch das starke Magnetfeld oder die hochfrequenten Radiowellen bei einer Magnetresonanztomographie bekannt. Die radiologischen Verfahren werden sowohl zur Suche nach Tumoren und zur Krebsvorsorge als auch zur Kontrolle und Nachsorge eingesetzt.)<\/p><\/li><li><p>Leuk\u00e4mie<\/p><\/li><li><p>vorliegende HIV-Erkrankung<\/p><\/li><li><p>bakterielle Entz\u00fcndungen<\/p><\/li><li><p>rheumatische Erkrankungen in der Schubphase<\/p><\/li><\/ul><p>Nach strenger Nutzen-Risiko-Abw\u00e4gung durch den behandelnden Arzt kann aber trotzdem eine Therapie m\u00f6glich sein, z. B. wenn der vorgesehene Behandlungsbereich au\u00dferhalb des Bereichs der vorhandenen Vorerkrankung liegt (der empfohlene Abstand betr\u00e4gt 40 cm zum aktiven Behandlungsfeld) oder der erwartete Nutzen durch die Therapie die m\u00f6glichen Risiken \u00fcberwiegt.<\/p><p>Die Durchf\u00fchrung der MBST-Therapie beeintr\u00e4chtigt nicht die Verkehrst\u00fcchtigkeit und das Bedienen von Maschinen. Wechselwirkungen mit anderen therapeutischen Ma\u00dfnahmen sind derzeit nicht bekannt.<\/p>\t\t\t\t\t\t<\/div>\n\t\t\t\t<\/div>\n\t\t\t\t\t<\/div>\n\t\t\t\t<\/div>\n\t\t<div class=\"elementor-element elementor-element-aa71811 e-flex e-con-boxed e-con e-child\" data-id=\"aa71811\" data-element_type=\"container\">\n\t\t\t\t\t<div class=\"e-con-inner\">\n\t\t\t\t<div class=\"elementor-element elementor-element-c815a3c elementor-widget elementor-widget-spacer\" data-id=\"c815a3c\" data-element_type=\"widget\" data-widget_type=\"spacer.default\">\n\t\t\t\t<div class=\"elementor-widget-container\">\n\t\t\t\t\t<div class=\"elementor-spacer\">\n\t\t\t<div class=\"elementor-spacer-inner\"><\/div>\n\t\t<\/div>\n\t\t\t\t<\/div>\n\t\t\t\t<\/div>\n\t\t\t\t\t<\/div>\n\t\t\t\t<\/div>\n\t\t\t\t<\/div>\n\t\t<div class=\"elementor-element elementor-element-39616b4 pad_section e-flex e-con-boxed e-con e-parent\" data-id=\"39616b4\" data-element_type=\"container\">\n\t\t\t\t\t<div class=\"e-con-inner\">\n\t\t<div class=\"elementor-element elementor-element-0452e49 e-con-full e-flex e-con e-child\" data-id=\"0452e49\" data-element_type=\"container\">\n\t\t\t\t<div class=\"elementor-element elementor-element-dc73cdc elementor-absolute e-transform elementor-widget elementor-widget-image\" data-id=\"dc73cdc\" data-element_type=\"widget\" data-settings=\"{&quot;_position&quot;:&quot;absolute&quot;,&quot;_transform_translateX_effect&quot;:{&quot;unit&quot;:&quot;%&quot;,&quot;size&quot;:-50,&quot;sizes&quot;:[]},&quot;_transform_translateX_effect_laptop&quot;:{&quot;unit&quot;:&quot;%&quot;,&quot;size&quot;:&quot;&quot;,&quot;sizes&quot;:[]},&quot;_transform_translateX_effect_tablet&quot;:{&quot;unit&quot;:&quot;%&quot;,&quot;size&quot;:&quot;&quot;,&quot;sizes&quot;:[]},&quot;_transform_translateX_effect_mobile&quot;:{&quot;unit&quot;:&quot;%&quot;,&quot;size&quot;:&quot;&quot;,&quot;sizes&quot;:[]},&quot;_transform_translateY_effect&quot;:{&quot;unit&quot;:&quot;%&quot;,&quot;size&quot;:&quot;&quot;,&quot;sizes&quot;:[]},&quot;_transform_translateY_effect_laptop&quot;:{&quot;unit&quot;:&quot;%&quot;,&quot;size&quot;:&quot;&quot;,&quot;sizes&quot;:[]},&quot;_transform_translateY_effect_tablet&quot;:{&quot;unit&quot;:&quot;%&quot;,&quot;size&quot;:&quot;&quot;,&quot;sizes&quot;:[]},&quot;_transform_translateY_effect_mobile&quot;:{&quot;unit&quot;:&quot;%&quot;,&quot;size&quot;:&quot;&quot;,&quot;sizes&quot;:[]}}\" data-widget_type=\"image.default\">\n\t\t\t\t<div class=\"elementor-widget-container\">\n\t\t\t\t\t\t\t\t\t\t\t\t\t<img decoding=\"async\" src=\"https:\/\/mbst.com\/wp-content\/uploads\/elementor\/thumbs\/small-cell-1-ra3fi014psa4v80qesduxhgto29tmbyx6ldlrkawu6.png\" title=\"small-cell.png\" alt=\"small-cell.png\" loading=\"lazy\" \/>\t\t\t\t\t\t\t\t\t\t\t\t\t<\/div>\n\t\t\t\t<\/div>\n\t\t\t\t<div class=\"elementor-element elementor-element-f211ae5 elementor-widget elementor-widget-html\" data-id=\"f211ae5\" data-element_type=\"widget\" data-widget_type=\"html.default\">\n\t\t\t\t<div class=\"elementor-widget-container\">\n\t\t\t<div class=\"footer-nav\">\n    <a class=\"prev\" href=\"\/de\/mediziner\/anwendungsbereiche\/\">\n        <i class=\"arrow arrow-left\">\u2190<\/i>\n      <small>letzte Seite<\/small>\n      <span>Anwendungsbereiche<\/span>\n    <\/a>\n    <a class=\"next\" href=\"\/de\/mediziner\/wissenschaft\">\n        <i class=\"arrow arrow-right\">\u2192<\/i>\n      <small>n\u00e4chste Seite<\/small>\n      <span>Wissenschaft & Forschung<\/span>\n    <\/a>\n<\/div>\t\t<\/div>\n\t\t\t\t<\/div>\n\t\t\t\t<\/div>\n\t\t\t\t\t<\/div>\n\t\t\t\t<\/div>\n\t\t\t\t<\/div>\n\t\t","protected":false},"excerpt":{"rendered":"<p>Aufkl\u00e4rung vor einer MBST-Behandlung Kontraindikationen Vor der Durchf\u00fchrung einer MBST Kernspinresonanz-Therapie erfolgt immer eine ausf\u00fchrliche Patientenaufkl\u00e4rung und Beratung. Vor Behandlungsbeginn wird der Patient immer auch bez\u00fcglich m\u00f6glicher Kontraindikationen befragt, um [&hellip;]<\/p>\n","protected":false},"author":6,"featured_media":0,"parent":19798,"menu_order":0,"comment_status":"closed","ping_status":"closed","template":"elementor_header_footer","meta":{"_acf_changed":false,"_price":"","_stock":"","_tribe_ticket_header":"","_tribe_default_ticket_provider":"","_tribe_ticket_capacity":"0","_ticket_start_date":"","_ticket_end_date":"","_tribe_ticket_show_description":"","_tribe_ticket_show_not_going":false,"_tribe_ticket_use_global_stock":"","_tribe_ticket_global_stock_level":"","_global_stock_mode":"","_global_stock_cap":"","_tribe_rsvp_for_event":"","_tribe_ticket_going_count":"","_tribe_ticket_not_going_count":"","_tribe_tickets_list":"[]","_tribe_ticket_has_attendee_info_fields":false,"footnotes":"","_tec_slr_enabled":"","_tec_slr_layout":""},"class_list":["post-20404","page","type-page","status-publish","hentry"],"acf":[],"yoast_head":"<!-- This site is optimized with the Yoast SEO plugin v23.8 - https:\/\/yoast.com\/wordpress\/plugins\/seo\/ -->\n<title>MBST\u00ae Anwendungsbereiche | Kontraindikationen<\/title>\n<meta name=\"description\" content=\"Vor der Durchf\u00fchrung einer MBST Kernspinresonanz-Therapie erfolgt immer eine ausf\u00fchrliche Patientenaufkl\u00e4rung und Beratung.\" \/>\n<meta name=\"robots\" content=\"index, follow, max-snippet:-1, max-image-preview:large, max-video-preview:-1\" \/>\n<link rel=\"canonical\" href=\"https:\/\/mbst.com\/de\/mediziner\/anwendungsbereiche\/kontraindikationen\/\" \/>\n<meta property=\"og:locale\" content=\"de_DE\" \/>\n<meta property=\"og:type\" content=\"article\" \/>\n<meta property=\"og:title\" content=\"MBST\u00ae Anwendungsbereiche | Kontraindikationen\" \/>\n<meta property=\"og:description\" content=\"Vor der Durchf\u00fchrung einer MBST Kernspinresonanz-Therapie erfolgt immer eine ausf\u00fchrliche Patientenaufkl\u00e4rung und Beratung.\" \/>\n<meta property=\"og:url\" content=\"https:\/\/mbst.com\/de\/mediziner\/anwendungsbereiche\/kontraindikationen\/\" \/>\n<meta property=\"og:site_name\" content=\"MBST\" \/>\n<meta property=\"article:publisher\" content=\"https:\/\/www.facebook.com\/mbst.de\/\" \/>\n<meta property=\"article:modified_time\" content=\"2025-08-11T12:16:38+00:00\" \/>\n<meta property=\"og:image\" content=\"https:\/\/mbst.com\/wp-content\/uploads\/elementor\/thumbs\/small-cell-1-ra3kpyt9e3lck0zltjd31jw64xt7vd6koxu3mjlqke.png\" \/>\n<meta name=\"twitter:card\" content=\"summary_large_image\" \/>\n<meta name=\"twitter:site\" content=\"@mbst_therapie\" \/>\n<meta name=\"twitter:label1\" content=\"Gesch\u00e4tzte Lesezeit\" \/>\n\t<meta name=\"twitter:data1\" content=\"3\u00a0Minuten\" \/>\n<script type=\"application\/ld+json\" class=\"yoast-schema-graph\">{\"@context\":\"https:\/\/schema.org\",\"@graph\":[{\"@type\":\"WebPage\",\"@id\":\"https:\/\/mbst.com\/de\/mediziner\/anwendungsbereiche\/kontraindikationen\/\",\"url\":\"https:\/\/mbst.com\/de\/mediziner\/anwendungsbereiche\/kontraindikationen\/\",\"name\":\"MBST\u00ae Anwendungsbereiche | Kontraindikationen\",\"isPartOf\":{\"@id\":\"https:\/\/mbst.com\/de\/#website\"},\"primaryImageOfPage\":{\"@id\":\"https:\/\/mbst.com\/de\/mediziner\/anwendungsbereiche\/kontraindikationen\/#primaryimage\"},\"image\":{\"@id\":\"https:\/\/mbst.com\/de\/mediziner\/anwendungsbereiche\/kontraindikationen\/#primaryimage\"},\"thumbnailUrl\":\"https:\/\/mbst.com\/wp-content\/uploads\/elementor\/thumbs\/small-cell-1-ra3kpyt9e3lck0zltjd31jw64xt7vd6koxu3mjlqke.png\",\"datePublished\":\"2025-04-23T16:34:37+00:00\",\"dateModified\":\"2025-08-11T12:16:38+00:00\",\"description\":\"Vor der Durchf\u00fchrung einer MBST Kernspinresonanz-Therapie erfolgt immer eine ausf\u00fchrliche Patientenaufkl\u00e4rung und Beratung.\",\"breadcrumb\":{\"@id\":\"https:\/\/mbst.com\/de\/mediziner\/anwendungsbereiche\/kontraindikationen\/#breadcrumb\"},\"inLanguage\":\"de\",\"potentialAction\":[{\"@type\":\"ReadAction\",\"target\":[\"https:\/\/mbst.com\/de\/mediziner\/anwendungsbereiche\/kontraindikationen\/\"]}]},{\"@type\":\"ImageObject\",\"inLanguage\":\"de\",\"@id\":\"https:\/\/mbst.com\/de\/mediziner\/anwendungsbereiche\/kontraindikationen\/#primaryimage\",\"url\":\"https:\/\/mbst.com\/wp-content\/uploads\/elementor\/thumbs\/small-cell-1-ra3kpyt9e3lck0zltjd31jw64xt7vd6koxu3mjlqke.png\",\"contentUrl\":\"https:\/\/mbst.com\/wp-content\/uploads\/elementor\/thumbs\/small-cell-1-ra3kpyt9e3lck0zltjd31jw64xt7vd6koxu3mjlqke.png\"},{\"@type\":\"BreadcrumbList\",\"@id\":\"https:\/\/mbst.com\/de\/mediziner\/anwendungsbereiche\/kontraindikationen\/#breadcrumb\",\"itemListElement\":[{\"@type\":\"ListItem\",\"position\":1,\"name\":\"Home\",\"item\":\"https:\/\/mbst.com\/de\/\"},{\"@type\":\"ListItem\",\"position\":2,\"name\":\"Doctor\",\"item\":\"https:\/\/mbst.com\/de\/mediziner\/\"},{\"@type\":\"ListItem\",\"position\":3,\"name\":\"Anwendungsbereiche d\",\"item\":\"https:\/\/mbst.com\/de\/mediziner\/anwendungsbereiche\/\"},{\"@type\":\"ListItem\",\"position\":4,\"name\":\"Kontraindikationen\"}]},{\"@type\":\"WebSite\",\"@id\":\"https:\/\/mbst.com\/de\/#website\",\"url\":\"https:\/\/mbst.com\/de\/\",\"name\":\"MBST\",\"description\":\"Kernspinresonanz-Therapie\",\"publisher\":{\"@id\":\"https:\/\/mbst.com\/de\/#organization\"},\"potentialAction\":[{\"@type\":\"SearchAction\",\"target\":{\"@type\":\"EntryPoint\",\"urlTemplate\":\"https:\/\/mbst.com\/de\/?s={search_term_string}\"},\"query-input\":{\"@type\":\"PropertyValueSpecification\",\"valueRequired\":true,\"valueName\":\"search_term_string\"}}],\"inLanguage\":\"de\"},{\"@type\":\"Organization\",\"@id\":\"https:\/\/mbst.com\/de\/#organization\",\"name\":\"MBST Kernspinresonanz-Therapie\",\"url\":\"https:\/\/mbst.com\/de\/\",\"logo\":{\"@type\":\"ImageObject\",\"inLanguage\":\"de\",\"@id\":\"https:\/\/mbst.com\/de\/#\/schema\/logo\/image\/\",\"url\":\"https:\/\/mbst.com\/wp-content\/uploads\/2024\/08\/MBST-LOGO-FINAL2024.svg\",\"contentUrl\":\"https:\/\/mbst.com\/wp-content\/uploads\/2024\/08\/MBST-LOGO-FINAL2024.svg\",\"caption\":\"MBST Kernspinresonanz-Therapie\"},\"image\":{\"@id\":\"https:\/\/mbst.com\/de\/#\/schema\/logo\/image\/\"},\"sameAs\":[\"https:\/\/www.facebook.com\/mbst.de\/\",\"https:\/\/x.com\/mbst_therapie\",\"https:\/\/www.youtube.com\/channel\/UC5r8bV_p1ZPIXPUvJtOwKEw\"]}]}<\/script>\n<!-- \/ Yoast SEO plugin. -->","yoast_head_json":{"title":"MBST\u00ae Anwendungsbereiche | Kontraindikationen","description":"Vor der Durchf\u00fchrung einer MBST Kernspinresonanz-Therapie erfolgt immer eine ausf\u00fchrliche Patientenaufkl\u00e4rung und Beratung.","robots":{"index":"index","follow":"follow","max-snippet":"max-snippet:-1","max-image-preview":"max-image-preview:large","max-video-preview":"max-video-preview:-1"},"canonical":"https:\/\/mbst.com\/de\/mediziner\/anwendungsbereiche\/kontraindikationen\/","og_locale":"de_DE","og_type":"article","og_title":"MBST\u00ae Anwendungsbereiche | Kontraindikationen","og_description":"Vor der Durchf\u00fchrung einer MBST Kernspinresonanz-Therapie erfolgt immer eine ausf\u00fchrliche Patientenaufkl\u00e4rung und Beratung.","og_url":"https:\/\/mbst.com\/de\/mediziner\/anwendungsbereiche\/kontraindikationen\/","og_site_name":"MBST","article_publisher":"https:\/\/www.facebook.com\/mbst.de\/","article_modified_time":"2025-08-11T12:16:38+00:00","og_image":[{"url":"https:\/\/mbst.com\/wp-content\/uploads\/elementor\/thumbs\/small-cell-1-ra3kpyt9e3lck0zltjd31jw64xt7vd6koxu3mjlqke.png"}],"twitter_card":"summary_large_image","twitter_site":"@mbst_therapie","twitter_misc":{"Gesch\u00e4tzte Lesezeit":"3\u00a0Minuten"},"schema":{"@context":"https:\/\/schema.org","@graph":[{"@type":"WebPage","@id":"https:\/\/mbst.com\/de\/mediziner\/anwendungsbereiche\/kontraindikationen\/","url":"https:\/\/mbst.com\/de\/mediziner\/anwendungsbereiche\/kontraindikationen\/","name":"MBST\u00ae Anwendungsbereiche | Kontraindikationen","isPartOf":{"@id":"https:\/\/mbst.com\/de\/#website"},"primaryImageOfPage":{"@id":"https:\/\/mbst.com\/de\/mediziner\/anwendungsbereiche\/kontraindikationen\/#primaryimage"},"image":{"@id":"https:\/\/mbst.com\/de\/mediziner\/anwendungsbereiche\/kontraindikationen\/#primaryimage"},"thumbnailUrl":"https:\/\/mbst.com\/wp-content\/uploads\/elementor\/thumbs\/small-cell-1-ra3kpyt9e3lck0zltjd31jw64xt7vd6koxu3mjlqke.png","datePublished":"2025-04-23T16:34:37+00:00","dateModified":"2025-08-11T12:16:38+00:00","description":"Vor der Durchf\u00fchrung einer MBST Kernspinresonanz-Therapie erfolgt immer eine ausf\u00fchrliche Patientenaufkl\u00e4rung und Beratung.","breadcrumb":{"@id":"https:\/\/mbst.com\/de\/mediziner\/anwendungsbereiche\/kontraindikationen\/#breadcrumb"},"inLanguage":"de","potentialAction":[{"@type":"ReadAction","target":["https:\/\/mbst.com\/de\/mediziner\/anwendungsbereiche\/kontraindikationen\/"]}]},{"@type":"ImageObject","inLanguage":"de","@id":"https:\/\/mbst.com\/de\/mediziner\/anwendungsbereiche\/kontraindikationen\/#primaryimage","url":"https:\/\/mbst.com\/wp-content\/uploads\/elementor\/thumbs\/small-cell-1-ra3kpyt9e3lck0zltjd31jw64xt7vd6koxu3mjlqke.png","contentUrl":"https:\/\/mbst.com\/wp-content\/uploads\/elementor\/thumbs\/small-cell-1-ra3kpyt9e3lck0zltjd31jw64xt7vd6koxu3mjlqke.png"},{"@type":"BreadcrumbList","@id":"https:\/\/mbst.com\/de\/mediziner\/anwendungsbereiche\/kontraindikationen\/#breadcrumb","itemListElement":[{"@type":"ListItem","position":1,"name":"Home","item":"https:\/\/mbst.com\/de\/"},{"@type":"ListItem","position":2,"name":"Doctor","item":"https:\/\/mbst.com\/de\/mediziner\/"},{"@type":"ListItem","position":3,"name":"Anwendungsbereiche d","item":"https:\/\/mbst.com\/de\/mediziner\/anwendungsbereiche\/"},{"@type":"ListItem","position":4,"name":"Kontraindikationen"}]},{"@type":"WebSite","@id":"https:\/\/mbst.com\/de\/#website","url":"https:\/\/mbst.com\/de\/","name":"MBST","description":"Kernspinresonanz-Therapie","publisher":{"@id":"https:\/\/mbst.com\/de\/#organization"},"potentialAction":[{"@type":"SearchAction","target":{"@type":"EntryPoint","urlTemplate":"https:\/\/mbst.com\/de\/?s={search_term_string}"},"query-input":{"@type":"PropertyValueSpecification","valueRequired":true,"valueName":"search_term_string"}}],"inLanguage":"de"},{"@type":"Organization","@id":"https:\/\/mbst.com\/de\/#organization","name":"MBST Kernspinresonanz-Therapie","url":"https:\/\/mbst.com\/de\/","logo":{"@type":"ImageObject","inLanguage":"de","@id":"https:\/\/mbst.com\/de\/#\/schema\/logo\/image\/","url":"https:\/\/mbst.com\/wp-content\/uploads\/2024\/08\/MBST-LOGO-FINAL2024.svg","contentUrl":"https:\/\/mbst.com\/wp-content\/uploads\/2024\/08\/MBST-LOGO-FINAL2024.svg","caption":"MBST Kernspinresonanz-Therapie"},"image":{"@id":"https:\/\/mbst.com\/de\/#\/schema\/logo\/image\/"},"sameAs":["https:\/\/www.facebook.com\/mbst.de\/","https:\/\/x.com\/mbst_therapie","https:\/\/www.youtube.com\/channel\/UC5r8bV_p1ZPIXPUvJtOwKEw"]}]}},"ticketed":false,"_links":{"self":[{"href":"https:\/\/mbst.com\/de\/wp-json\/wp\/v2\/pages\/20404","targetHints":{"allow":["GET"]}}],"collection":[{"href":"https:\/\/mbst.com\/de\/wp-json\/wp\/v2\/pages"}],"about":[{"href":"https:\/\/mbst.com\/de\/wp-json\/wp\/v2\/types\/page"}],"author":[{"embeddable":true,"href":"https:\/\/mbst.com\/de\/wp-json\/wp\/v2\/users\/6"}],"replies":[{"embeddable":true,"href":"https:\/\/mbst.com\/de\/wp-json\/wp\/v2\/comments?post=20404"}],"version-history":[{"count":10,"href":"https:\/\/mbst.com\/de\/wp-json\/wp\/v2\/pages\/20404\/revisions"}],"predecessor-version":[{"id":27971,"href":"https:\/\/mbst.com\/de\/wp-json\/wp\/v2\/pages\/20404\/revisions\/27971"}],"up":[{"embeddable":true,"href":"https:\/\/mbst.com\/de\/wp-json\/wp\/v2\/pages\/19798"}],"wp:attachment":[{"href":"https:\/\/mbst.com\/de\/wp-json\/wp\/v2\/media?parent=20404"}],"curies":[{"name":"wp","href":"https:\/\/api.w.org\/{rel}","templated":true}]}}