{"id":17510,"date":"2025-03-05T13:30:18","date_gmt":"2025-03-05T12:30:18","guid":{"rendered":"https:\/\/mbst.hashtechorange.com\/?page_id=17510"},"modified":"2025-08-11T14:31:49","modified_gmt":"2025-08-11T12:31:49","slug":"laufende-studien","status":"publish","type":"page","link":"https:\/\/mbst.com\/de\/mediziner\/wissenschaft\/laufende-studien\/","title":{"rendered":"Laufende Studien"},"content":{"rendered":"\t\t<div data-elementor-type=\"wp-page\" data-elementor-id=\"17510\" class=\"elementor elementor-17510\" data-elementor-post-type=\"page\">\n\t\t\t\t<div class=\"elementor-element elementor-element-8784ec1 e-con-full pad_section e-flex e-con e-parent\" data-id=\"8784ec1\" data-element_type=\"container\" data-settings=\"{&quot;background_background&quot;:&quot;classic&quot;}\">\n\t\t<div class=\"elementor-element elementor-element-84a6fd1 e-flex e-con-boxed e-con e-child\" data-id=\"84a6fd1\" data-element_type=\"container\">\n\t\t\t\t\t<div class=\"e-con-inner\">\n\t\t<div class=\"elementor-element elementor-element-14776f1 e-con-full e-flex e-con e-child\" data-id=\"14776f1\" data-element_type=\"container\">\n\t\t\t\t<div class=\"elementor-element elementor-element-5f0c8ea elementor-widget elementor-widget-heading\" data-id=\"5f0c8ea\" data-element_type=\"widget\" data-widget_type=\"heading.default\">\n\t\t\t\t<div class=\"elementor-widget-container\">\n\t\t\t<h3 class=\"elementor-heading-title elementor-size-default\">MBST\u00ae Wissenschaft &amp; Forschung<\/h3>\t\t<\/div>\n\t\t\t\t<\/div>\n\t\t\t\t<div class=\"elementor-element elementor-element-2ebc7c6 elementor-widget elementor-widget-heading\" data-id=\"2ebc7c6\" data-element_type=\"widget\" data-widget_type=\"heading.default\">\n\t\t\t\t<div class=\"elementor-widget-container\">\n\t\t\t<h2 class=\"elementor-heading-title elementor-size-default\">Laufende Studien<\/h2>\t\t<\/div>\n\t\t\t\t<\/div>\n\t\t\t\t<\/div>\n\t\t<div class=\"elementor-element elementor-element-22ed694 e-con-full e-flex e-con e-child\" data-id=\"22ed694\" data-element_type=\"container\">\n\t\t\t\t<div class=\"elementor-element elementor-element-40360e8 elementor-widget elementor-widget-image\" data-id=\"40360e8\" data-element_type=\"widget\" data-widget_type=\"image.default\">\n\t\t\t\t<div class=\"elementor-widget-container\">\n\t\t\t\t\t\t\t\t\t\t\t\t\t<img fetchpriority=\"high\" decoding=\"async\" width=\"1041\" height=\"613\" src=\"https:\/\/mbst.com\/wp-content\/uploads\/2025\/05\/wissenschaft-banner.webp\" class=\"attachment-full size-full wp-image-22837\" alt=\"\" srcset=\"https:\/\/mbst.com\/wp-content\/uploads\/2025\/05\/wissenschaft-banner.webp 1041w, https:\/\/mbst.com\/wp-content\/uploads\/2025\/05\/wissenschaft-banner-300x177.webp 300w, https:\/\/mbst.com\/wp-content\/uploads\/2025\/05\/wissenschaft-banner-1024x603.webp 1024w, https:\/\/mbst.com\/wp-content\/uploads\/2025\/05\/wissenschaft-banner-768x452.webp 768w\" sizes=\"(max-width: 1041px) 100vw, 1041px\" \/>\t\t\t\t\t\t\t\t\t\t\t\t\t<\/div>\n\t\t\t\t<\/div>\n\t\t\t\t<\/div>\n\t\t\t\t\t<\/div>\n\t\t\t\t<\/div>\n\t\t<div class=\"elementor-element elementor-element-e1288d6 e-flex e-con-boxed e-con e-child\" data-id=\"e1288d6\" data-element_type=\"container\">\n\t\t\t\t\t<div class=\"e-con-inner\">\n\t\t\t\t<div class=\"elementor-element elementor-element-da3c808 elementor-widget elementor-widget-heading\" data-id=\"da3c808\" data-element_type=\"widget\" data-widget_type=\"heading.default\">\n\t\t\t\t<div class=\"elementor-widget-container\">\n\t\t\t<h2 class=\"elementor-heading-title elementor-size-default\">Postoperative Anwendung nach Knie-TEP <\/h2>\t\t<\/div>\n\t\t\t\t<\/div>\n\t\t\t\t<div class=\"elementor-element elementor-element-2e738e2 elementor-widget elementor-widget-text-editor\" data-id=\"2e738e2\" data-element_type=\"widget\" data-widget_type=\"text-editor.default\">\n\t\t\t\t<div class=\"elementor-widget-container\">\n\t\t\t\t\t\t\t<p>Randomisiert-kontrollierte PMCF-Studie zur Wirksamkeit der Anwendung der MBST Kernspinresonanz-Therapie im postoperativen Setting nach einer TEP-Implantation<\/p><p>Leiter der klinischen Pr\u00fcfung: Dr. med. Lars Stephan<\/p><p>Pr\u00fcfzentrum: Sportorthop\u00e4die Dresden, 01099 Dresden; St\u00e4dtisches Klinikum Dresden<\/p><p>Design: 114 Patienten (57 pro Behandlungsarm); Patienten im Behandlungsarm erhalten zus\u00e4tzlich zur Standardtherapie nach TEP-Implantation wegen Gonarthrose 10 Behandlungen mit MBST<\/p><p>Endpunkte: Prim\u00e4r: Range of Motion; Sekund\u00e4r: Oxford Knee Score, Knee Injury Osteoarthritis Outcome Score, Knee Society Score, EQ-5D, NRS Schmerzskala, Sicherheit: Vorkommnisse, Nebenwirkungen, Komplikationen<\/p><p>Laufzeit: voraussichtlich bis Ende 2025<\/p>\t\t\t\t\t\t<\/div>\n\t\t\t\t<\/div>\n\t\t\t\t<div class=\"elementor-element elementor-element-c16c606 elementor-widget elementor-widget-heading\" data-id=\"c16c606\" data-element_type=\"widget\" data-widget_type=\"heading.default\">\n\t\t\t\t<div class=\"elementor-widget-container\">\n\t\t\t<h2 class=\"elementor-heading-title elementor-size-default\">Verbesserung der Lebensqualit\u00e4t bei Osteoporose<\/h2>\t\t<\/div>\n\t\t\t\t<\/div>\n\t\t\t\t<div class=\"elementor-element elementor-element-b8e960a elementor-widget elementor-widget-text-editor\" data-id=\"b8e960a\" data-element_type=\"widget\" data-widget_type=\"text-editor.default\">\n\t\t\t\t<div class=\"elementor-widget-container\">\n\t\t\t\t\t\t\t<p>Radiological And Self-Reported Outcomes of MBST\u00ae in Patients with Osteoporosis: A Retrospective Study in Qatar<\/p><p>Leiter der klinischen Pr\u00fcfung: Dr. Emmanuel Tolessa<\/p><p>Pr\u00fcfzentrum: DOC Medical Center, Doha, Qatar<\/p><p>Laufzeit: Ende 2025<\/p>\t\t\t\t\t\t<\/div>\n\t\t\t\t<\/div>\n\t\t\t\t<div class=\"elementor-element elementor-element-9cd077c elementor-widget elementor-widget-heading\" data-id=\"9cd077c\" data-element_type=\"widget\" data-widget_type=\"heading.default\">\n\t\t\t\t<div class=\"elementor-widget-container\">\n\t\t\t<h2 class=\"elementor-heading-title elementor-size-default\">Exploration des Wirkprinzips mit Quantenbiologie &amp; Zellchronobiologie<\/h2>\t\t<\/div>\n\t\t\t\t<\/div>\n\t\t\t\t<div class=\"elementor-element elementor-element-707aaea elementor-widget elementor-widget-text-editor\" data-id=\"707aaea\" data-element_type=\"widget\" data-widget_type=\"text-editor.default\">\n\t\t\t\t<div class=\"elementor-widget-container\">\n\t\t\t\t\t\t\t<p>Fortlaufende Grundlagenforschung zu Wirkprinzip, Signalwegen, physiologischen Prozessen<\/p><p>Leiterin: PD Dr. Margit Christine Egg; Mitarbeit von Dr. Viktoria Th\u00f6ni<\/p><p>Pr\u00fcfzentrum: Institute of Zoology, Universit\u00e4t Innsbruck, \u00d6sterreich<\/p><p>Letzte Ver\u00f6ffentlichung: \u2026<\/p>\t\t\t\t\t\t<\/div>\n\t\t\t\t<\/div>\n\t\t\t\t\t<\/div>\n\t\t\t\t<\/div>\n\t\t\t\t<\/div>\n\t\t<div class=\"elementor-element elementor-element-2679bd4 pad_section e-flex e-con-boxed e-con e-parent\" data-id=\"2679bd4\" data-element_type=\"container\">\n\t\t\t\t\t<div class=\"e-con-inner\">\n\t\t<div class=\"elementor-element elementor-element-5946414 e-con-full e-flex e-con e-child\" data-id=\"5946414\" data-element_type=\"container\">\n\t\t\t\t<div class=\"elementor-element elementor-element-dece734 elementor-absolute e-transform elementor-widget elementor-widget-image\" data-id=\"dece734\" data-element_type=\"widget\" data-settings=\"{&quot;_position&quot;:&quot;absolute&quot;,&quot;_transform_translateX_effect&quot;:{&quot;unit&quot;:&quot;%&quot;,&quot;size&quot;:-50,&quot;sizes&quot;:[]},&quot;_transform_translateX_effect_laptop&quot;:{&quot;unit&quot;:&quot;%&quot;,&quot;size&quot;:&quot;&quot;,&quot;sizes&quot;:[]},&quot;_transform_translateX_effect_tablet&quot;:{&quot;unit&quot;:&quot;%&quot;,&quot;size&quot;:&quot;&quot;,&quot;sizes&quot;:[]},&quot;_transform_translateX_effect_mobile&quot;:{&quot;unit&quot;:&quot;%&quot;,&quot;size&quot;:&quot;&quot;,&quot;sizes&quot;:[]},&quot;_transform_translateY_effect&quot;:{&quot;unit&quot;:&quot;%&quot;,&quot;size&quot;:&quot;&quot;,&quot;sizes&quot;:[]},&quot;_transform_translateY_effect_laptop&quot;:{&quot;unit&quot;:&quot;%&quot;,&quot;size&quot;:&quot;&quot;,&quot;sizes&quot;:[]},&quot;_transform_translateY_effect_tablet&quot;:{&quot;unit&quot;:&quot;%&quot;,&quot;size&quot;:&quot;&quot;,&quot;sizes&quot;:[]},&quot;_transform_translateY_effect_mobile&quot;:{&quot;unit&quot;:&quot;%&quot;,&quot;size&quot;:&quot;&quot;,&quot;sizes&quot;:[]}}\" data-widget_type=\"image.default\">\n\t\t\t\t<div class=\"elementor-widget-container\">\n\t\t\t\t\t\t\t\t\t\t\t\t\t<img decoding=\"async\" src=\"https:\/\/mbst.com\/wp-content\/uploads\/elementor\/thumbs\/small-cell-1-ra3fi014psa4v80qesduxhgto29tmbyx6ldlrkawu6.png\" title=\"small-cell.png\" alt=\"small-cell.png\" loading=\"lazy\" \/>\t\t\t\t\t\t\t\t\t\t\t\t\t<\/div>\n\t\t\t\t<\/div>\n\t\t\t\t<div class=\"elementor-element elementor-element-183bbd3 elementor-widget elementor-widget-html\" data-id=\"183bbd3\" data-element_type=\"widget\" data-widget_type=\"html.default\">\n\t\t\t\t<div class=\"elementor-widget-container\">\n\t\t\t<div class=\"footer-nav\">\n    <a class=\"prev\" href=\"\/de\/mediziner\/wissenschaft\/veterinaer-studien\/\">\n        <i class=\"arrow arrow-left\">\u2190<\/i>\n      <small>letzte Seite<\/small>\n      <span>Veterina\u0308r Studien<\/span>\n    <\/a>\n    <a class=\"next\" href=\"\/de\/mediziner\/ueber-mbst\/\">\n        <i class=\"arrow arrow-right\">\u2192<\/i>\n      <small>n\u00e4chste Seite<\/small>\n      <span>\u00dcber MBST<\/span>\n    <\/a>\n<\/div>\t\t<\/div>\n\t\t\t\t<\/div>\n\t\t\t\t<\/div>\n\t\t\t\t\t<\/div>\n\t\t\t\t<\/div>\n\t\t\t\t<\/div>\n\t\t","protected":false},"excerpt":{"rendered":"<p>MBST\u00ae Wissenschaft &amp; Forschung Laufende Studien Postoperative Anwendung nach Knie-TEP Randomisiert-kontrollierte PMCF-Studie zur Wirksamkeit der Anwendung der MBST Kernspinresonanz-Therapie im postoperativen Setting nach einer TEP-Implantation Leiter der klinischen Pr\u00fcfung: Dr. [&hellip;]<\/p>\n","protected":false},"author":6,"featured_media":0,"parent":17473,"menu_order":0,"comment_status":"closed","ping_status":"closed","template":"elementor_header_footer","meta":{"_acf_changed":false,"_price":"","_stock":"","_tribe_ticket_header":"","_tribe_default_ticket_provider":"","_tribe_ticket_capacity":"0","_ticket_start_date":"","_ticket_end_date":"","_tribe_ticket_show_description":"","_tribe_ticket_show_not_going":false,"_tribe_ticket_use_global_stock":"","_tribe_ticket_global_stock_level":"","_global_stock_mode":"","_global_stock_cap":"","_tribe_rsvp_for_event":"","_tribe_ticket_going_count":"","_tribe_ticket_not_going_count":"","_tribe_tickets_list":"[]","_tribe_ticket_has_attendee_info_fields":false,"footnotes":"","_tec_slr_enabled":"","_tec_slr_layout":""},"class_list":["post-17510","page","type-page","status-publish","hentry"],"acf":[],"yoast_head":"<!-- This site is optimized with the Yoast SEO plugin v23.8 - https:\/\/yoast.com\/wordpress\/plugins\/seo\/ -->\n<title>MBST\u00ae Wissenschaft | Laufende Studien<\/title>\n<meta name=\"description\" content=\"Neben der steten Erfassung von Behandlungsdaten Fallberichten widmen wir uns auch neuen Studien in verschiedenen Bereichen.\" \/>\n<meta name=\"robots\" content=\"index, follow, max-snippet:-1, max-image-preview:large, max-video-preview:-1\" \/>\n<link rel=\"canonical\" href=\"https:\/\/mbst.com\/de\/mediziner\/wissenschaft\/laufende-studien\/\" \/>\n<meta property=\"og:locale\" content=\"de_DE\" \/>\n<meta property=\"og:type\" content=\"article\" \/>\n<meta property=\"og:title\" content=\"MBST\u00ae Wissenschaft | Laufende Studien\" \/>\n<meta property=\"og:description\" content=\"Neben der steten Erfassung von Behandlungsdaten Fallberichten widmen wir uns auch neuen Studien in verschiedenen Bereichen.\" \/>\n<meta property=\"og:url\" content=\"https:\/\/mbst.com\/de\/mediziner\/wissenschaft\/laufende-studien\/\" \/>\n<meta property=\"og:site_name\" content=\"MBST\" \/>\n<meta property=\"article:publisher\" content=\"https:\/\/www.facebook.com\/mbst.de\/\" \/>\n<meta property=\"article:modified_time\" content=\"2025-08-11T12:31:49+00:00\" \/>\n<meta property=\"og:image\" content=\"https:\/\/mbst.com\/wp-content\/uploads\/2025\/05\/wissenschaft-banner.webp\" \/>\n\t<meta property=\"og:image:width\" content=\"1041\" \/>\n\t<meta property=\"og:image:height\" content=\"613\" \/>\n\t<meta property=\"og:image:type\" content=\"image\/webp\" \/>\n<meta name=\"twitter:card\" content=\"summary_large_image\" \/>\n<meta name=\"twitter:site\" content=\"@mbst_therapie\" \/>\n<meta name=\"twitter:label1\" content=\"Gesch\u00e4tzte Lesezeit\" \/>\n\t<meta name=\"twitter:data1\" content=\"2\u00a0Minuten\" \/>\n<script type=\"application\/ld+json\" class=\"yoast-schema-graph\">{\"@context\":\"https:\/\/schema.org\",\"@graph\":[{\"@type\":\"WebPage\",\"@id\":\"https:\/\/mbst.com\/de\/mediziner\/wissenschaft\/laufende-studien\/\",\"url\":\"https:\/\/mbst.com\/de\/mediziner\/wissenschaft\/laufende-studien\/\",\"name\":\"MBST\u00ae Wissenschaft | Laufende Studien\",\"isPartOf\":{\"@id\":\"https:\/\/mbst.com\/de\/#website\"},\"primaryImageOfPage\":{\"@id\":\"https:\/\/mbst.com\/de\/mediziner\/wissenschaft\/laufende-studien\/#primaryimage\"},\"image\":{\"@id\":\"https:\/\/mbst.com\/de\/mediziner\/wissenschaft\/laufende-studien\/#primaryimage\"},\"thumbnailUrl\":\"https:\/\/mbst.com\/wp-content\/uploads\/2025\/05\/wissenschaft-banner.webp\",\"datePublished\":\"2025-03-05T12:30:18+00:00\",\"dateModified\":\"2025-08-11T12:31:49+00:00\",\"description\":\"Neben der steten Erfassung von Behandlungsdaten Fallberichten widmen wir uns auch neuen Studien in verschiedenen Bereichen.\",\"breadcrumb\":{\"@id\":\"https:\/\/mbst.com\/de\/mediziner\/wissenschaft\/laufende-studien\/#breadcrumb\"},\"inLanguage\":\"de\",\"potentialAction\":[{\"@type\":\"ReadAction\",\"target\":[\"https:\/\/mbst.com\/de\/mediziner\/wissenschaft\/laufende-studien\/\"]}]},{\"@type\":\"ImageObject\",\"inLanguage\":\"de\",\"@id\":\"https:\/\/mbst.com\/de\/mediziner\/wissenschaft\/laufende-studien\/#primaryimage\",\"url\":\"https:\/\/mbst.com\/wp-content\/uploads\/2025\/05\/wissenschaft-banner.webp\",\"contentUrl\":\"https:\/\/mbst.com\/wp-content\/uploads\/2025\/05\/wissenschaft-banner.webp\"},{\"@type\":\"BreadcrumbList\",\"@id\":\"https:\/\/mbst.com\/de\/mediziner\/wissenschaft\/laufende-studien\/#breadcrumb\",\"itemListElement\":[{\"@type\":\"ListItem\",\"position\":1,\"name\":\"Home\",\"item\":\"https:\/\/mbst.com\/de\/\"},{\"@type\":\"ListItem\",\"position\":2,\"name\":\"Doctor\",\"item\":\"https:\/\/mbst.com\/de\/mediziner\/\"},{\"@type\":\"ListItem\",\"position\":3,\"name\":\"Wissenschaft &amp; Forschung\",\"item\":\"https:\/\/mbst.com\/de\/mediziner\/wissenschaft\/\"},{\"@type\":\"ListItem\",\"position\":4,\"name\":\"Laufende Studien\"}]},{\"@type\":\"WebSite\",\"@id\":\"https:\/\/mbst.com\/de\/#website\",\"url\":\"https:\/\/mbst.com\/de\/\",\"name\":\"MBST\",\"description\":\"Kernspinresonanz-Therapie\",\"publisher\":{\"@id\":\"https:\/\/mbst.com\/de\/#organization\"},\"potentialAction\":[{\"@type\":\"SearchAction\",\"target\":{\"@type\":\"EntryPoint\",\"urlTemplate\":\"https:\/\/mbst.com\/de\/?s={search_term_string}\"},\"query-input\":{\"@type\":\"PropertyValueSpecification\",\"valueRequired\":true,\"valueName\":\"search_term_string\"}}],\"inLanguage\":\"de\"},{\"@type\":\"Organization\",\"@id\":\"https:\/\/mbst.com\/de\/#organization\",\"name\":\"MBST Kernspinresonanz-Therapie\",\"url\":\"https:\/\/mbst.com\/de\/\",\"logo\":{\"@type\":\"ImageObject\",\"inLanguage\":\"de\",\"@id\":\"https:\/\/mbst.com\/de\/#\/schema\/logo\/image\/\",\"url\":\"https:\/\/mbst.com\/wp-content\/uploads\/2024\/08\/MBST-LOGO-FINAL2024.svg\",\"contentUrl\":\"https:\/\/mbst.com\/wp-content\/uploads\/2024\/08\/MBST-LOGO-FINAL2024.svg\",\"caption\":\"MBST Kernspinresonanz-Therapie\"},\"image\":{\"@id\":\"https:\/\/mbst.com\/de\/#\/schema\/logo\/image\/\"},\"sameAs\":[\"https:\/\/www.facebook.com\/mbst.de\/\",\"https:\/\/x.com\/mbst_therapie\",\"https:\/\/www.youtube.com\/channel\/UC5r8bV_p1ZPIXPUvJtOwKEw\"]}]}<\/script>\n<!-- \/ Yoast SEO plugin. -->","yoast_head_json":{"title":"MBST\u00ae Wissenschaft | Laufende Studien","description":"Neben der steten Erfassung von Behandlungsdaten Fallberichten widmen wir uns auch neuen Studien in verschiedenen Bereichen.","robots":{"index":"index","follow":"follow","max-snippet":"max-snippet:-1","max-image-preview":"max-image-preview:large","max-video-preview":"max-video-preview:-1"},"canonical":"https:\/\/mbst.com\/de\/mediziner\/wissenschaft\/laufende-studien\/","og_locale":"de_DE","og_type":"article","og_title":"MBST\u00ae Wissenschaft | Laufende Studien","og_description":"Neben der steten Erfassung von Behandlungsdaten Fallberichten widmen wir uns auch neuen Studien in verschiedenen Bereichen.","og_url":"https:\/\/mbst.com\/de\/mediziner\/wissenschaft\/laufende-studien\/","og_site_name":"MBST","article_publisher":"https:\/\/www.facebook.com\/mbst.de\/","article_modified_time":"2025-08-11T12:31:49+00:00","og_image":[{"width":1041,"height":613,"url":"https:\/\/mbst.com\/wp-content\/uploads\/2025\/05\/wissenschaft-banner.webp","type":"image\/webp"}],"twitter_card":"summary_large_image","twitter_site":"@mbst_therapie","twitter_misc":{"Gesch\u00e4tzte Lesezeit":"2\u00a0Minuten"},"schema":{"@context":"https:\/\/schema.org","@graph":[{"@type":"WebPage","@id":"https:\/\/mbst.com\/de\/mediziner\/wissenschaft\/laufende-studien\/","url":"https:\/\/mbst.com\/de\/mediziner\/wissenschaft\/laufende-studien\/","name":"MBST\u00ae Wissenschaft | Laufende Studien","isPartOf":{"@id":"https:\/\/mbst.com\/de\/#website"},"primaryImageOfPage":{"@id":"https:\/\/mbst.com\/de\/mediziner\/wissenschaft\/laufende-studien\/#primaryimage"},"image":{"@id":"https:\/\/mbst.com\/de\/mediziner\/wissenschaft\/laufende-studien\/#primaryimage"},"thumbnailUrl":"https:\/\/mbst.com\/wp-content\/uploads\/2025\/05\/wissenschaft-banner.webp","datePublished":"2025-03-05T12:30:18+00:00","dateModified":"2025-08-11T12:31:49+00:00","description":"Neben der steten Erfassung von Behandlungsdaten Fallberichten widmen wir uns auch neuen Studien in verschiedenen Bereichen.","breadcrumb":{"@id":"https:\/\/mbst.com\/de\/mediziner\/wissenschaft\/laufende-studien\/#breadcrumb"},"inLanguage":"de","potentialAction":[{"@type":"ReadAction","target":["https:\/\/mbst.com\/de\/mediziner\/wissenschaft\/laufende-studien\/"]}]},{"@type":"ImageObject","inLanguage":"de","@id":"https:\/\/mbst.com\/de\/mediziner\/wissenschaft\/laufende-studien\/#primaryimage","url":"https:\/\/mbst.com\/wp-content\/uploads\/2025\/05\/wissenschaft-banner.webp","contentUrl":"https:\/\/mbst.com\/wp-content\/uploads\/2025\/05\/wissenschaft-banner.webp"},{"@type":"BreadcrumbList","@id":"https:\/\/mbst.com\/de\/mediziner\/wissenschaft\/laufende-studien\/#breadcrumb","itemListElement":[{"@type":"ListItem","position":1,"name":"Home","item":"https:\/\/mbst.com\/de\/"},{"@type":"ListItem","position":2,"name":"Doctor","item":"https:\/\/mbst.com\/de\/mediziner\/"},{"@type":"ListItem","position":3,"name":"Wissenschaft &amp; Forschung","item":"https:\/\/mbst.com\/de\/mediziner\/wissenschaft\/"},{"@type":"ListItem","position":4,"name":"Laufende Studien"}]},{"@type":"WebSite","@id":"https:\/\/mbst.com\/de\/#website","url":"https:\/\/mbst.com\/de\/","name":"MBST","description":"Kernspinresonanz-Therapie","publisher":{"@id":"https:\/\/mbst.com\/de\/#organization"},"potentialAction":[{"@type":"SearchAction","target":{"@type":"EntryPoint","urlTemplate":"https:\/\/mbst.com\/de\/?s={search_term_string}"},"query-input":{"@type":"PropertyValueSpecification","valueRequired":true,"valueName":"search_term_string"}}],"inLanguage":"de"},{"@type":"Organization","@id":"https:\/\/mbst.com\/de\/#organization","name":"MBST Kernspinresonanz-Therapie","url":"https:\/\/mbst.com\/de\/","logo":{"@type":"ImageObject","inLanguage":"de","@id":"https:\/\/mbst.com\/de\/#\/schema\/logo\/image\/","url":"https:\/\/mbst.com\/wp-content\/uploads\/2024\/08\/MBST-LOGO-FINAL2024.svg","contentUrl":"https:\/\/mbst.com\/wp-content\/uploads\/2024\/08\/MBST-LOGO-FINAL2024.svg","caption":"MBST Kernspinresonanz-Therapie"},"image":{"@id":"https:\/\/mbst.com\/de\/#\/schema\/logo\/image\/"},"sameAs":["https:\/\/www.facebook.com\/mbst.de\/","https:\/\/x.com\/mbst_therapie","https:\/\/www.youtube.com\/channel\/UC5r8bV_p1ZPIXPUvJtOwKEw"]}]}},"ticketed":false,"_links":{"self":[{"href":"https:\/\/mbst.com\/de\/wp-json\/wp\/v2\/pages\/17510","targetHints":{"allow":["GET"]}}],"collection":[{"href":"https:\/\/mbst.com\/de\/wp-json\/wp\/v2\/pages"}],"about":[{"href":"https:\/\/mbst.com\/de\/wp-json\/wp\/v2\/types\/page"}],"author":[{"embeddable":true,"href":"https:\/\/mbst.com\/de\/wp-json\/wp\/v2\/users\/6"}],"replies":[{"embeddable":true,"href":"https:\/\/mbst.com\/de\/wp-json\/wp\/v2\/comments?post=17510"}],"version-history":[{"count":10,"href":"https:\/\/mbst.com\/de\/wp-json\/wp\/v2\/pages\/17510\/revisions"}],"predecessor-version":[{"id":27987,"href":"https:\/\/mbst.com\/de\/wp-json\/wp\/v2\/pages\/17510\/revisions\/27987"}],"up":[{"embeddable":true,"href":"https:\/\/mbst.com\/de\/wp-json\/wp\/v2\/pages\/17473"}],"wp:attachment":[{"href":"https:\/\/mbst.com\/de\/wp-json\/wp\/v2\/media?parent=17510"}],"curies":[{"name":"wp","href":"https:\/\/api.w.org\/{rel}","templated":true}]}}