{"id":16973,"date":"2024-12-10T12:50:11","date_gmt":"2024-12-10T11:50:11","guid":{"rendered":"https:\/\/mbst.com\/?page_id=16973"},"modified":"2025-07-28T14:47:52","modified_gmt":"2025-07-28T12:47:52","slug":"informationen","status":"publish","type":"page","link":"https:\/\/mbst.com\/de\/informationen\/","title":{"rendered":"Patienteninformation"},"content":{"rendered":"\t\t<div data-elementor-type=\"wp-page\" data-elementor-id=\"16973\" class=\"elementor elementor-16973\" data-elementor-post-type=\"page\">\n\t\t\t\t<div class=\"elementor-element elementor-element-25a1bcb pad_section e-flex e-con-boxed e-con e-parent\" data-id=\"25a1bcb\" data-element_type=\"container\" data-settings=\"{&quot;background_background&quot;:&quot;classic&quot;}\">\n\t\t\t\t\t<div class=\"e-con-inner\">\n\t\t\t\t<div class=\"elementor-element elementor-element-8137651 elementor-widget elementor-widget-heading\" data-id=\"8137651\" data-element_type=\"widget\" data-widget_type=\"heading.default\">\n\t\t\t\t<div class=\"elementor-widget-container\">\n\t\t\t<h1 class=\"elementor-heading-title elementor-size-default\">Patienteninformation<\/h1>\t\t<\/div>\n\t\t\t\t<\/div>\n\t\t\t\t<div class=\"elementor-element elementor-element-48c68b1 elementor-widget__width-initial elementor-widget-divider--view-line elementor-widget elementor-widget-divider\" data-id=\"48c68b1\" data-element_type=\"widget\" data-widget_type=\"divider.default\">\n\t\t\t\t<div class=\"elementor-widget-container\">\n\t\t\t\t\t<div class=\"elementor-divider\">\n\t\t\t<span class=\"elementor-divider-separator\">\n\t\t\t\t\t\t<\/span>\n\t\t<\/div>\n\t\t\t\t<\/div>\n\t\t\t\t<\/div>\n\t\t\t\t<div class=\"elementor-element elementor-element-bea6675 elementor-widget elementor-widget-text-editor\" data-id=\"bea6675\" data-element_type=\"widget\" data-widget_type=\"text-editor.default\">\n\t\t\t\t<div class=\"elementor-widget-container\">\n\t\t\t\t\t\t\t<p>Gem\u00e4\u00df Heilmittelwerbegesetz sind wir verpflichtet darauf hinzuweisen, dass es gegenw\u00e4rtig in der Schulmedizin umstritten ist, ob die Wirksamkeit der MBST\u00ae Kernspinresonanz-Therapie hinreichend wissenschaftlich gesichert ist. Es liegen zahlreiche klinische sowie grundlagenwissenschaftliche Studien vor, jedoch nicht f\u00fcr jeden Bereich evidenzbasierte Studien. Naturgem\u00e4\u00df kann in der Medizin der Erfolg einer Methode nicht garantiert werden. Aussagen zu Behandlungsm\u00f6glichkeiten, Anwendungsgebieten, Wirksamkeit und Vertr\u00e4glichkeit beruhen auf den Erfahrungen in der Anwendung von MBST\u00ae Behandlungszentren und deren Patienten und sind kein Versprechen einer Linderung oder Verbesserung.<\/p><p>Die Therapie erfolgt nur nach \u00e4rztlicher Diagnose und umfassender Aufkl\u00e4rung inkl. Kontraindikationen und m\u00f6glicher Begleiterscheinungen auf pers\u00f6nlichen Wunsch des Patienten als kostenpflichtige Selbstzahlerleistung. Gesetzliche und private Kostentr\u00e4ger sind nicht zur Erstattung verpflichtet.<\/p><p>Die Inhalte dieser Website dienen der allgemeinen Information \u00fcber Gesundheitsthemen. Sie k\u00f6nnen und sollen in keinem Fall die \u00e4rztliche Beratung, Diagnose oder Behandlung ersetzen oder als Grundlage zu einer eigenst\u00e4ndigen \u00c4nderung oder Beendigung einer Behandlung von Krankheiten verwendet werden. Konsultieren Sie bei gesundheitlichen Fragen oder Beschwerden bitte immer den Arzt Ihres Vertrauens.<\/p><p>Haftungsausschluss: Alle Inhalte werden mit gr\u00f6\u00dfter Sorgfalt erstellt. F\u00fcr Richtigkeit, Vollst\u00e4ndigkeit und Aktualit\u00e4t \u00fcbernehmen wir keine Gew\u00e4hr. Illustrationen dienen der Visualisierung ohne Anspruch auf medizinische Korrektheit. Wir haften nicht f\u00fcr Sch\u00e4den gleich welcher Art, die durch Nutzung oder Nichtnutzung der Informationen entstehen.<\/p>\t\t\t\t\t\t<\/div>\n\t\t\t\t<\/div>\n\t\t\t\t\t<\/div>\n\t\t\t\t<\/div>\n\t\t\t\t<\/div>\n\t\t","protected":false},"excerpt":{"rendered":"<p>Patienteninformation Gem\u00e4\u00df Heilmittelwerbegesetz sind wir verpflichtet darauf hinzuweisen, dass es gegenw\u00e4rtig in der Schulmedizin umstritten ist, ob die Wirksamkeit der MBST\u00ae Kernspinresonanz-Therapie hinreichend wissenschaftlich gesichert ist. Es liegen zahlreiche klinische [&hellip;]<\/p>\n","protected":false},"author":6,"featured_media":0,"parent":0,"menu_order":0,"comment_status":"closed","ping_status":"closed","template":"elementor_header_footer","meta":{"_acf_changed":false,"_price":"","_stock":"","_tribe_ticket_header":"","_tribe_default_ticket_provider":"","_tribe_ticket_capacity":"0","_ticket_start_date":"","_ticket_end_date":"","_tribe_ticket_show_description":"","_tribe_ticket_show_not_going":false,"_tribe_ticket_use_global_stock":"","_tribe_ticket_global_stock_level":"","_global_stock_mode":"","_global_stock_cap":"","_tribe_rsvp_for_event":"","_tribe_ticket_going_count":"","_tribe_ticket_not_going_count":"","_tribe_tickets_list":"[]","_tribe_ticket_has_attendee_info_fields":false,"footnotes":"","_tec_slr_enabled":"","_tec_slr_layout":""},"class_list":["post-16973","page","type-page","status-publish","hentry"],"acf":[],"yoast_head":"<!-- This site is optimized with the Yoast SEO plugin v23.8 - https:\/\/yoast.com\/wordpress\/plugins\/seo\/ -->\n<title>MBST\u00ae Patienteninformationen<\/title>\n<meta name=\"description\" content=\"Patienteninformationen mit wichtigen Hinweisen zu Diagnostik, Therapie und Betreuung \u2013 verst\u00e4ndlich, umfassend und patientenorientiert f\u00fcr Ihr Wohlbefinden.\" \/>\n<meta name=\"robots\" content=\"index, follow, max-snippet:-1, max-image-preview:large, max-video-preview:-1\" \/>\n<link rel=\"canonical\" href=\"https:\/\/mbst.com\/de\/informationen\/\" \/>\n<meta property=\"og:locale\" content=\"de_DE\" \/>\n<meta property=\"og:type\" content=\"article\" \/>\n<meta property=\"og:title\" content=\"MBST\u00ae Patienteninformationen\" \/>\n<meta property=\"og:description\" content=\"Patienteninformationen mit wichtigen Hinweisen zu Diagnostik, Therapie und Betreuung \u2013 verst\u00e4ndlich, umfassend und patientenorientiert f\u00fcr Ihr Wohlbefinden.\" \/>\n<meta property=\"og:url\" content=\"https:\/\/mbst.com\/de\/informationen\/\" \/>\n<meta property=\"og:site_name\" content=\"MBST\" \/>\n<meta property=\"article:publisher\" content=\"https:\/\/www.facebook.com\/mbst.de\/\" \/>\n<meta property=\"article:modified_time\" content=\"2025-07-28T12:47:52+00:00\" \/>\n<meta name=\"twitter:card\" content=\"summary_large_image\" \/>\n<meta name=\"twitter:site\" content=\"@mbst_therapie\" \/>\n<meta name=\"twitter:label1\" content=\"Gesch\u00e4tzte Lesezeit\" \/>\n\t<meta name=\"twitter:data1\" content=\"1\u00a0Minute\" \/>\n<script type=\"application\/ld+json\" class=\"yoast-schema-graph\">{\"@context\":\"https:\/\/schema.org\",\"@graph\":[{\"@type\":\"WebPage\",\"@id\":\"https:\/\/mbst.com\/de\/informationen\/\",\"url\":\"https:\/\/mbst.com\/de\/informationen\/\",\"name\":\"MBST\u00ae Patienteninformationen\",\"isPartOf\":{\"@id\":\"https:\/\/mbst.com\/de\/#website\"},\"datePublished\":\"2024-12-10T11:50:11+00:00\",\"dateModified\":\"2025-07-28T12:47:52+00:00\",\"description\":\"Patienteninformationen mit wichtigen Hinweisen zu Diagnostik, Therapie und Betreuung \u2013 verst\u00e4ndlich, umfassend und patientenorientiert f\u00fcr Ihr Wohlbefinden.\",\"breadcrumb\":{\"@id\":\"https:\/\/mbst.com\/de\/informationen\/#breadcrumb\"},\"inLanguage\":\"de\",\"potentialAction\":[{\"@type\":\"ReadAction\",\"target\":[\"https:\/\/mbst.com\/de\/informationen\/\"]}]},{\"@type\":\"BreadcrumbList\",\"@id\":\"https:\/\/mbst.com\/de\/informationen\/#breadcrumb\",\"itemListElement\":[{\"@type\":\"ListItem\",\"position\":1,\"name\":\"Home\",\"item\":\"https:\/\/mbst.com\/de\/\"},{\"@type\":\"ListItem\",\"position\":2,\"name\":\"Patienteninformation\"}]},{\"@type\":\"WebSite\",\"@id\":\"https:\/\/mbst.com\/de\/#website\",\"url\":\"https:\/\/mbst.com\/de\/\",\"name\":\"MBST\",\"description\":\"Kernspinresonanz-Therapie\",\"publisher\":{\"@id\":\"https:\/\/mbst.com\/de\/#organization\"},\"potentialAction\":[{\"@type\":\"SearchAction\",\"target\":{\"@type\":\"EntryPoint\",\"urlTemplate\":\"https:\/\/mbst.com\/de\/?s={search_term_string}\"},\"query-input\":{\"@type\":\"PropertyValueSpecification\",\"valueRequired\":true,\"valueName\":\"search_term_string\"}}],\"inLanguage\":\"de\"},{\"@type\":\"Organization\",\"@id\":\"https:\/\/mbst.com\/de\/#organization\",\"name\":\"MBST Kernspinresonanz-Therapie\",\"url\":\"https:\/\/mbst.com\/de\/\",\"logo\":{\"@type\":\"ImageObject\",\"inLanguage\":\"de\",\"@id\":\"https:\/\/mbst.com\/de\/#\/schema\/logo\/image\/\",\"url\":\"https:\/\/mbst.com\/wp-content\/uploads\/2024\/08\/MBST-LOGO-FINAL2024.svg\",\"contentUrl\":\"https:\/\/mbst.com\/wp-content\/uploads\/2024\/08\/MBST-LOGO-FINAL2024.svg\",\"caption\":\"MBST Kernspinresonanz-Therapie\"},\"image\":{\"@id\":\"https:\/\/mbst.com\/de\/#\/schema\/logo\/image\/\"},\"sameAs\":[\"https:\/\/www.facebook.com\/mbst.de\/\",\"https:\/\/x.com\/mbst_therapie\",\"https:\/\/www.youtube.com\/channel\/UC5r8bV_p1ZPIXPUvJtOwKEw\"]}]}<\/script>\n<!-- \/ Yoast SEO plugin. -->","yoast_head_json":{"title":"MBST\u00ae Patienteninformationen","description":"Patienteninformationen mit wichtigen Hinweisen zu Diagnostik, Therapie und Betreuung \u2013 verst\u00e4ndlich, umfassend und patientenorientiert f\u00fcr Ihr Wohlbefinden.","robots":{"index":"index","follow":"follow","max-snippet":"max-snippet:-1","max-image-preview":"max-image-preview:large","max-video-preview":"max-video-preview:-1"},"canonical":"https:\/\/mbst.com\/de\/informationen\/","og_locale":"de_DE","og_type":"article","og_title":"MBST\u00ae Patienteninformationen","og_description":"Patienteninformationen mit wichtigen Hinweisen zu Diagnostik, Therapie und Betreuung \u2013 verst\u00e4ndlich, umfassend und patientenorientiert f\u00fcr Ihr Wohlbefinden.","og_url":"https:\/\/mbst.com\/de\/informationen\/","og_site_name":"MBST","article_publisher":"https:\/\/www.facebook.com\/mbst.de\/","article_modified_time":"2025-07-28T12:47:52+00:00","twitter_card":"summary_large_image","twitter_site":"@mbst_therapie","twitter_misc":{"Gesch\u00e4tzte Lesezeit":"1\u00a0Minute"},"schema":{"@context":"https:\/\/schema.org","@graph":[{"@type":"WebPage","@id":"https:\/\/mbst.com\/de\/informationen\/","url":"https:\/\/mbst.com\/de\/informationen\/","name":"MBST\u00ae Patienteninformationen","isPartOf":{"@id":"https:\/\/mbst.com\/de\/#website"},"datePublished":"2024-12-10T11:50:11+00:00","dateModified":"2025-07-28T12:47:52+00:00","description":"Patienteninformationen mit wichtigen Hinweisen zu Diagnostik, Therapie und Betreuung \u2013 verst\u00e4ndlich, umfassend und patientenorientiert f\u00fcr Ihr Wohlbefinden.","breadcrumb":{"@id":"https:\/\/mbst.com\/de\/informationen\/#breadcrumb"},"inLanguage":"de","potentialAction":[{"@type":"ReadAction","target":["https:\/\/mbst.com\/de\/informationen\/"]}]},{"@type":"BreadcrumbList","@id":"https:\/\/mbst.com\/de\/informationen\/#breadcrumb","itemListElement":[{"@type":"ListItem","position":1,"name":"Home","item":"https:\/\/mbst.com\/de\/"},{"@type":"ListItem","position":2,"name":"Patienteninformation"}]},{"@type":"WebSite","@id":"https:\/\/mbst.com\/de\/#website","url":"https:\/\/mbst.com\/de\/","name":"MBST","description":"Kernspinresonanz-Therapie","publisher":{"@id":"https:\/\/mbst.com\/de\/#organization"},"potentialAction":[{"@type":"SearchAction","target":{"@type":"EntryPoint","urlTemplate":"https:\/\/mbst.com\/de\/?s={search_term_string}"},"query-input":{"@type":"PropertyValueSpecification","valueRequired":true,"valueName":"search_term_string"}}],"inLanguage":"de"},{"@type":"Organization","@id":"https:\/\/mbst.com\/de\/#organization","name":"MBST Kernspinresonanz-Therapie","url":"https:\/\/mbst.com\/de\/","logo":{"@type":"ImageObject","inLanguage":"de","@id":"https:\/\/mbst.com\/de\/#\/schema\/logo\/image\/","url":"https:\/\/mbst.com\/wp-content\/uploads\/2024\/08\/MBST-LOGO-FINAL2024.svg","contentUrl":"https:\/\/mbst.com\/wp-content\/uploads\/2024\/08\/MBST-LOGO-FINAL2024.svg","caption":"MBST Kernspinresonanz-Therapie"},"image":{"@id":"https:\/\/mbst.com\/de\/#\/schema\/logo\/image\/"},"sameAs":["https:\/\/www.facebook.com\/mbst.de\/","https:\/\/x.com\/mbst_therapie","https:\/\/www.youtube.com\/channel\/UC5r8bV_p1ZPIXPUvJtOwKEw"]}]}},"ticketed":false,"_links":{"self":[{"href":"https:\/\/mbst.com\/de\/wp-json\/wp\/v2\/pages\/16973","targetHints":{"allow":["GET"]}}],"collection":[{"href":"https:\/\/mbst.com\/de\/wp-json\/wp\/v2\/pages"}],"about":[{"href":"https:\/\/mbst.com\/de\/wp-json\/wp\/v2\/types\/page"}],"author":[{"embeddable":true,"href":"https:\/\/mbst.com\/de\/wp-json\/wp\/v2\/users\/6"}],"replies":[{"embeddable":true,"href":"https:\/\/mbst.com\/de\/wp-json\/wp\/v2\/comments?post=16973"}],"version-history":[{"count":10,"href":"https:\/\/mbst.com\/de\/wp-json\/wp\/v2\/pages\/16973\/revisions"}],"predecessor-version":[{"id":26738,"href":"https:\/\/mbst.com\/de\/wp-json\/wp\/v2\/pages\/16973\/revisions\/26738"}],"wp:attachment":[{"href":"https:\/\/mbst.com\/de\/wp-json\/wp\/v2\/media?parent=16973"}],"curies":[{"name":"wp","href":"https:\/\/api.w.org\/{rel}","templated":true}]}}